{"id":24763,"date":"2017-04-29T23:06:24","date_gmt":"2017-04-29T23:06:24","guid":{"rendered":"http:\/\/www.mfdsgn.com\/mfd\/?page_id=24763"},"modified":"2023-02-02T12:18:15","modified_gmt":"2023-02-02T12:18:15","slug":"about-us","status":"publish","type":"page","link":"https:\/\/www.aqua-burundi.com\/fr_FR\/about-us\/","title":{"rendered":"\u00c0 propos de nous |"},"content":{"rendered":"<p>[vc_row css=&#8221;.vc_custom_1481251098287{padding-top: 60px !important;}&#8221;][vc_column width=&#8221;1\/2&#8243; css=&#8221;.vc_custom_1483091625241{padding-top: 0px !important;}&#8221;][vc_custom_heading text=&#8221;Notre affaire&#8221; font_container=&#8221;tag:h2|font_size:33|text_align:left&#8221; google_fonts=&#8221;font_family:Lato%3A100%2C100italic%2C300%2C300italic%2Cregular%2Citalic%2C700%2C700italic%2C900%2C900italic|font_style:700%20bold%20regular%3A700%3Anormal&#8221;][vc_empty_space]<div id=\"mpc_textblock-7169d2de6950170\" class=\"mpc-textblock mpc-init \"><p>Chez Aqua Burundi, nous nous engageons \u00e0 produire de fa\u00e7on durable du tilapia naturel pour un meilleur go\u00fbt pour les march\u00e9s locaux au Burundi et en Afrique, ainsi que pour les march\u00e9s d&#8217;exportation. Nous sommes attach\u00e9s \u00e0 une strat\u00e9gie de d\u00e9veloppement durable qui cr\u00e9e \u00e9galement des emplois durables et offre un avenir meilleur \u00e0 la population locale. Nous prenons nos responsabilit\u00e9s sur le plan environnemental, \u00e9conomique et social, en investissant dans nos normes et nos employ\u00e9s avec des programmes de formation et d\u2019am\u00e9lioration de la communaut\u00e9.<\/p>\n<p style=\"text-align: justify;\">En ayant une exploitation piscicole responsable, nous avons une vision qui b\u00e9n\u00e9ficiera aux communaut\u00e9s locales gr\u00e2ce \u00e0 des meilleures opportunit\u00e9s d&#8217;emploi, de l&#8217;\u00e9ducation et un meilleur niveau de vie \u00e9lev\u00e9<\/p>\n<\/div>[\/vc_column][vc_column width=&#8221;1\/2&#8243;][vc_row_inner][vc_column_inner]<div data-id=\"mpc_icon_column-3669d2de6950259\" class=\"mpc-icon-column mpc-init mpc-parent-hover mpc-transition mpc-icon-column--style_2 mpc-align--center \" ><div data-id=\"mpc_icon-869d2de69502a4\" class=\"mpc-icon mpc-init mpc-transition mpc-effect-slide-up mpc-icon-hover \"><div class=\"mpc-icon-wrap\"><i class=\"mpc-icon-part mpc-regular mpc-transition  etl etl-presentation\"><\/i><i class=\"mpc-icon-part mpc-hover mpc-transition  etl etl-presentation\"><\/i><\/div><\/div><div class=\"mpc-icon-column__content-wrap\"><div class=\"mpc-icon-column__content\"><h3 class=\"mpc-icon-column__heading mpc-transition\">Nos valeurs<\/h3><div class=\"mpc-icon-column__description mpc-transition\"><div class=\"aio-icon-description ult-responsive\" data-ultimate-target=\"#Info-box-wrap-9227 .aio-icon-description\" data-responsive-json-new=\"{\">\n<ul>\n<li>La production et la transformasjon des mati\u00e8res premi\u00e8res disponibles localement au Burundi m\u00eame, afin d&#8217;obtenir le nombre optimal possible des produits commercialisables au niveau local et mondial.<\/li>\n<li>Cr\u00e9er les meilleurs emplois rentables possibles au Burundi, gr\u00e2ce au d\u00e9veloppement et \u00e0 la gestion durable de la cha\u00eene d\u2019approvisionnement dans des secteurs \u00e0 fort impact potentiel.<\/li>\n<li>Collaborer avec les agences locales pour une commercialisation et une croissance durable.<\/li>\n<\/ul>\n<\/div>\n<\/div><\/div><\/div><\/div>[\/vc_column_inner][\/vc_row_inner][\/vc_column][\/vc_row][vc_row full_width=&#8221;stretch_row&#8221; css=&#8221;.vc_custom_1483978081682{padding-top: 55px !important;padding-bottom: 35px !important;}&#8221;][vc_column css=&#8221;.vc_custom_1449590082760{padding-top: 0px !important;}&#8221;][vc_custom_heading text=&#8221;NOS PARTENAIRES&#8221; font_container=&#8221;tag:h2|font_size:33|text_align:center&#8221; use_theme_fonts=&#8221;yes&#8221; css=&#8221;.vc_custom_1553266870312{margin-top: 0px !important;margin-bottom: 45px !important;}&#8221;]<div class=\"mpc-carousel__wrapper mpc-waypoint\"><div id=\"mpc_carousel_image-769d2de695036e\" class=\"mpc-carousel-image mpc-init mpc-animation mpc-layout--classic mpc-effect--none \"  data-animation-in=\"transition.fadeIn||800||0||80\" data-mpcslick='{\"infinite\":true,\"autoplay\":true,\"slidesToShow\":4,\"slidesToScroll\":1,\"centerMode\":false,\"initialSlide\":0,\"autoplaySpeed\":1450,\"speed\":500}' data-slick-cols=\"4\"><a href=\"#\" class=\"mpc-carousel__item-wrapper\" data-height=\"78\"><div onclick=\"\" class=\"mpc-item mpc-transition\"><div class=\"mpc-border\"><\/div><img loading=\"lazy\" decoding=\"async\" width=\"235\" height=\"78\" src=\"https:\/\/www.aqua-burundi.com\/wp-content\/uploads\/2019\/03\/wh.jpg\" class=\"mpc-transition attachment-full\" alt=\"\" \/><\/div><\/a><a href=\"#\" class=\"mpc-carousel__item-wrapper\" data-height=\"78\"><div onclick=\"\" class=\"mpc-item mpc-transition\"><div class=\"mpc-border\"><\/div><img loading=\"lazy\" decoding=\"async\" width=\"235\" height=\"78\" src=\"https:\/\/www.aqua-burundi.com\/wp-content\/uploads\/2019\/03\/itra.jpg\" class=\"mpc-transition attachment-full\" alt=\"\" \/><\/div><\/a><a href=\"#\" class=\"mpc-carousel__item-wrapper\" data-height=\"78\"><div onclick=\"\" class=\"mpc-item mpc-transition\"><div class=\"mpc-border\"><\/div><img loading=\"lazy\" decoding=\"async\" width=\"235\" height=\"78\" src=\"https:\/\/www.aqua-burundi.com\/wp-content\/uploads\/2019\/03\/immo.jpg\" class=\"mpc-transition attachment-full\" alt=\"\" \/><\/div><\/a><a href=\"#\" class=\"mpc-carousel__item-wrapper\" data-height=\"78\"><div onclick=\"\" class=\"mpc-item mpc-transition\"><div class=\"mpc-border\"><\/div><img loading=\"lazy\" decoding=\"async\" width=\"235\" height=\"78\" src=\"https:\/\/www.aqua-burundi.com\/wp-content\/uploads\/2019\/03\/grotec.jpg\" class=\"mpc-transition attachment-full\" alt=\"\" \/><\/div><\/a><\/div><div class=\"mpc-navigation mpc-init mpc-align--left mpc-navigation--style_1  mpc-nav-preset--\" data-mpcslider=\"mpc_carousel_image-769d2de695036e\"><div class=\"mpc-nav__arrow mpcslick-prev\"><div class=\"mpc-nav__icon mpc-transition\"><i class=\"\"><div class=\"mpc-nav__background mpc-transition mpc-effect-type--fade mpc-effect-side--in\"><\/div><\/i><\/div><\/div><div class=\"mpc-nav__arrow mpcslick-next\"><div class=\"mpc-nav__icon mpc-transition\"><i class=\"\"><div class=\"mpc-nav__background mpc-transition mpc-effect-type--fade mpc-effect-side--in\"><\/div><\/i><\/div><\/div><\/div><\/div>[\/vc_column][\/vc_row]<\/p>\n","protected":false},"excerpt":{"rendered":"<p>[vc_row css=&#8221;.vc_custom_1481251098287{padding-top: 60px !important;}&#8221;][vc_column width=&#8221;1\/2&#8243; css=&#8221;.vc_custom_1483091625241{padding-top: 0px !important;}&#8221;][vc_custom_heading text=&#8221;Notre affaire&#8221; font_container=&#8221;tag:h2|font_size:33|text_align:left&#8221; goo&#8230;<\/p>\n","protected":false},"author":1,"featured_media":0,"parent":0,"menu_order":0,"comment_status":"closed","ping_status":"closed","template":"","meta":{"footnotes":""},"class_list":["post-24763","page","type-page","status-publish","hentry"],"_links":{"self":[{"href":"https:\/\/www.aqua-burundi.com\/fr_FR\/wp-json\/wp\/v2\/pages\/24763"}],"collection":[{"href":"https:\/\/www.aqua-burundi.com\/fr_FR\/wp-json\/wp\/v2\/pages"}],"about":[{"href":"https:\/\/www.aqua-burundi.com\/fr_FR\/wp-json\/wp\/v2\/types\/page"}],"author":[{"embeddable":true,"href":"https:\/\/www.aqua-burundi.com\/fr_FR\/wp-json\/wp\/v2\/users\/1"}],"replies":[{"embeddable":true,"href":"https:\/\/www.aqua-burundi.com\/fr_FR\/wp-json\/wp\/v2\/comments?post=24763"}],"version-history":[{"count":18,"href":"https:\/\/www.aqua-burundi.com\/fr_FR\/wp-json\/wp\/v2\/pages\/24763\/revisions"}],"predecessor-version":[{"id":30887,"href":"https:\/\/www.aqua-burundi.com\/fr_FR\/wp-json\/wp\/v2\/pages\/24763\/revisions\/30887"}],"wp:attachment":[{"href":"https:\/\/www.aqua-burundi.com\/fr_FR\/wp-json\/wp\/v2\/media?parent=24763"}],"curies":[{"name":"wp","href":"https:\/\/api.w.org\/{rel}","templated":true}]}}