{"id":24766,"date":"2017-04-29T23:15:42","date_gmt":"2017-04-29T23:15:42","guid":{"rendered":"http:\/\/www.mfdsgn.com\/mfd\/?page_id=24766"},"modified":"2019-03-26T11:49:17","modified_gmt":"2019-03-26T11:49:17","slug":"services","status":"publish","type":"page","link":"https:\/\/www.aqua-burundi.com\/fr_FR\/services\/","title":{"rendered":"\u00c0 propos du tilapia |"},"content":{"rendered":"<p>[vc_row css=&#8221;.vc_custom_1480278415555{padding-top: 60px !important;}&#8221;][vc_column][vc_custom_heading text=&#8221;\u00c0 PROPOS DU TILAPIA&#8221; font_container=&#8221;tag:h2|text_align:center&#8221; use_theme_fonts=&#8221;yes&#8221;][vc_text_separator title=&#8221;&#8221; i_icon_fontawesome=&#8221;fa fa-arrow-down&#8221; i_color=&#8221;grey&#8221; i_size=&#8221;sm&#8221; el_width=&#8221;30&#8243; add_icon=&#8221;true&#8221;][vc_column_text]Le tilapia est un plat traditionnel pr\u00e9f\u00e9r\u00e9 dans presque tous les pays d&#8217;Afrique. nous p\u00e9chons\u00a0\u00a0 notre tilapia dans des lacs en enclos flottants. Cet environnement permet de p\u00e9cher un tilapia naturel, sans pr\u00e9senter des risques pour la sant\u00e9. Le tilapia est riche en prot\u00e9ines et a moins de calories, graisses et glucides. Les om\u00e9ga-3 sont \u00e0 peu pr\u00e8s les m\u00eames que les autres aliments de mer, notamment le thon et la morue. Le tilapia est riche en vitamine B12, en s\u00e9l\u00e9nium, en phosphore, en magn\u00e9sium et en s\u00e9l\u00e9nium. Cela fait du Tilapia le choix id\u00e9al pour un repas l\u00e9ger et moins de graisse et un article de choix pour les restaurants.[\/vc_column_text][\/vc_column][\/vc_row][vc_row full_width=&#8221;stretch_row_content_no_spaces&#8221; css=&#8221;.vc_custom_1480347594591{padding-top: 60px !important;}&#8221;][vc_column width=&#8221;1\/2&#8243; css=&#8221;.vc_custom_1480349320431{padding-right: 80px !important;padding-left: 80px !important;}&#8221;]<div data-id=\"mpc_icon_column-5269d2de6f1424b\" class=\"mpc-icon-column mpc-init mpc-parent-hover mpc-transition mpc-icon-column--style_1 mpc-align--center \" ><div data-id=\"mpc_icon-9469d2de6f14291\" class=\"mpc-icon mpc-init mpc-transition mpc-effect-slide-right mpc-icon-hover \"><div class=\"mpc-icon-wrap\"><i class=\"mpc-icon-part mpc-regular mpc-transition  icnm icnm-uni53\"><\/i><i class=\"mpc-icon-part mpc-hover mpc-transition  etl etl-attachment\"><\/i><\/div><\/div><div class=\"mpc-icon-column__content-wrap\"><div class=\"mpc-icon-column__content\"><h3 class=\"mpc-icon-column__heading mpc-transition\">TILAPIA CONGELE<\/h3><div class=\"mpc-icon-column__description mpc-transition\"><p>Notre tilapia est surgel\u00e9 des la p\u00e9che pour le garder frais, emball\u00e9 entier, et filets pr\u00eats pour les march\u00e9s locaux et l\u2019exportation.<\/p>\n<\/div><\/div><\/div><\/div><div data-id=\"mpc_icon_column-5569d2de6f1434b\" class=\"mpc-icon-column mpc-init mpc-parent-hover mpc-transition mpc-icon-column--style_1 mpc-align--center \" ><div data-id=\"mpc_icon-7169d2de6f14371\" class=\"mpc-icon mpc-init mpc-transition mpc-effect-slide-right mpc-icon-hover \"><div class=\"mpc-icon-wrap\"><i class=\"mpc-icon-part mpc-regular mpc-transition  icnm icnm-uni46\"><\/i><i class=\"mpc-icon-part mpc-hover mpc-transition  etl etl-attachment\"><\/i><\/div><\/div><div class=\"mpc-icon-column__content-wrap\"><div class=\"mpc-icon-column__content\"><h3 class=\"mpc-icon-column__heading mpc-transition\">TILAPIA FRAIS<\/h3><div class=\"mpc-icon-column__description mpc-transition\"><p>Notre Tilapia est de bonne et meilleur qualit\u00e9, et p\u00e9ch\u00e9 dans l\u2019eau douce. Nous prenons soin de couper \u00e0 la main des filets de tailles uniformes, emball\u00e9s et pr\u00eats \u00e0 \u00eatre pr\u00e9par\u00e9s par nos clients. Notre Tilapia est d\u00e9soss\u00e9 et sans peau, ce qui rend la pr\u00e9paration facile et rapide. Il suffit d&#8217;ajouter un assaisonnement pour un go\u00fbt d\u00e9licieux.<\/p>\n<\/div><\/div><\/div><\/div>[\/vc_column][vc_column width=&#8221;1\/2&#8243; css=&#8221;.vc_custom_1480347605068{padding-left: 80px !important;}&#8221;][vc_single_image image=&#8221;30828&#8243; img_size=&#8221;large&#8221;][\/vc_column][\/vc_row][vc_row][vc_column][vc_empty_space][\/vc_column][\/vc_row][vc_row][vc_column][vc_custom_heading text=&#8221;NOS PARTENAIRES&#8221; font_container=&#8221;tag:h2|font_size:33|text_align:center&#8221; use_theme_fonts=&#8221;yes&#8221;]<div class=\"mpc-carousel__wrapper mpc-waypoint\"><div id=\"mpc_carousel_image-6369d2de6f14416\" class=\"mpc-carousel-image mpc-init mpc-layout--classic mpc-effect--none \"  data-mpcslick='{\"infinite\":true,\"autoplay\":true,\"slidesToShow\":4,\"slidesToScroll\":1,\"centerMode\":false,\"initialSlide\":0,\"autoplaySpeed\":1450,\"speed\":500}' data-slick-cols=\"4\"><div class=\"mpc-carousel__item-wrapper\" data-height=\"78\"><div onclick=\"\" class=\"mpc-item mpc-transition\"><div class=\"mpc-border\"><\/div><img loading=\"lazy\" decoding=\"async\" width=\"235\" height=\"78\" src=\"https:\/\/www.aqua-burundi.com\/wp-content\/uploads\/2019\/03\/wh.jpg\" class=\"mpc-transition attachment-large\" alt=\"\" \/><\/div><\/div><div class=\"mpc-carousel__item-wrapper\" data-height=\"78\"><div onclick=\"\" class=\"mpc-item mpc-transition\"><div class=\"mpc-border\"><\/div><img loading=\"lazy\" decoding=\"async\" width=\"235\" height=\"78\" src=\"https:\/\/www.aqua-burundi.com\/wp-content\/uploads\/2019\/03\/itra.jpg\" class=\"mpc-transition attachment-large\" alt=\"\" \/><\/div><\/div><div class=\"mpc-carousel__item-wrapper\" data-height=\"78\"><div onclick=\"\" class=\"mpc-item mpc-transition\"><div class=\"mpc-border\"><\/div><img loading=\"lazy\" decoding=\"async\" width=\"235\" height=\"78\" src=\"https:\/\/www.aqua-burundi.com\/wp-content\/uploads\/2019\/03\/immo.jpg\" class=\"mpc-transition attachment-large\" alt=\"\" \/><\/div><\/div><div class=\"mpc-carousel__item-wrapper\" data-height=\"78\"><div onclick=\"\" class=\"mpc-item mpc-transition\"><div class=\"mpc-border\"><\/div><img loading=\"lazy\" decoding=\"async\" width=\"235\" height=\"78\" src=\"https:\/\/www.aqua-burundi.com\/wp-content\/uploads\/2019\/03\/grotec.jpg\" class=\"mpc-transition attachment-large\" alt=\"\" \/><\/div><\/div><\/div><div class=\"mpc-navigation mpc-init mpc-align--right mpc-navigation--style_1  mpc-nav-preset--default\" data-mpcslider=\"mpc_carousel_image-6369d2de6f14416\"><div class=\"mpc-nav__arrow mpcslick-prev\"><div class=\"mpc-nav__icon mpc-transition\"><i class=\" eti eti_arrow_carrot-left\"><div class=\"mpc-nav__background mpc-transition mpc-effect-type--slide mpc-effect-side--top\"><\/div><\/i><\/div><\/div><div class=\"mpc-nav__arrow mpcslick-next\"><div class=\"mpc-nav__icon mpc-transition\"><i class=\" eti eti_arrow_carrot-right\"><div class=\"mpc-nav__background mpc-transition mpc-effect-type--slide mpc-effect-side--top\"><\/div><\/i><\/div><\/div><\/div><\/div>[\/vc_column][\/vc_row]<\/p>\n","protected":false},"excerpt":{"rendered":"<p>[vc_row css=&#8221;.vc_custom_1480278415555{padding-top: 60px !important;}&#8221;][vc_column][vc_custom_heading text=&#8221;\u00c0 PROPOS DU TILAPIA&#8221; font_container=&#8221;tag:h2|text_align:center&#8221; use_theme_fonts=&#8221;yes&#8221;][vc_text_separator title=&#8221;&#8221; i_icon_fontawesome=&#8221;fa fa-arrow&#8230;<\/p>\n","protected":false},"author":1,"featured_media":0,"parent":0,"menu_order":0,"comment_status":"closed","ping_status":"closed","template":"","meta":{"footnotes":""},"class_list":["post-24766","page","type-page","status-publish","hentry"],"_links":{"self":[{"href":"https:\/\/www.aqua-burundi.com\/fr_FR\/wp-json\/wp\/v2\/pages\/24766"}],"collection":[{"href":"https:\/\/www.aqua-burundi.com\/fr_FR\/wp-json\/wp\/v2\/pages"}],"about":[{"href":"https:\/\/www.aqua-burundi.com\/fr_FR\/wp-json\/wp\/v2\/types\/page"}],"author":[{"embeddable":true,"href":"https:\/\/www.aqua-burundi.com\/fr_FR\/wp-json\/wp\/v2\/users\/1"}],"replies":[{"embeddable":true,"href":"https:\/\/www.aqua-burundi.com\/fr_FR\/wp-json\/wp\/v2\/comments?post=24766"}],"version-history":[{"count":27,"href":"https:\/\/www.aqua-burundi.com\/fr_FR\/wp-json\/wp\/v2\/pages\/24766\/revisions"}],"predecessor-version":[{"id":30890,"href":"https:\/\/www.aqua-burundi.com\/fr_FR\/wp-json\/wp\/v2\/pages\/24766\/revisions\/30890"}],"wp:attachment":[{"href":"https:\/\/www.aqua-burundi.com\/fr_FR\/wp-json\/wp\/v2\/media?parent=24766"}],"curies":[{"name":"wp","href":"https:\/\/api.w.org\/{rel}","templated":true}]}}