{"id":25465,"date":"2017-02-23T12:49:42","date_gmt":"2017-02-23T12:49:42","guid":{"rendered":"http:\/\/www.mfdsgn.com\/mfd\/?page_id=25465"},"modified":"2019-03-26T22:08:30","modified_gmt":"2019-03-26T22:08:30","slug":"page_d_accueil_home","status":"publish","type":"page","link":"https:\/\/www.aqua-burundi.com\/fr_FR\/","title":{"rendered":"Page d\u2019accueil |"},"content":{"rendered":"<p>[vc_row full_width=&#8221;stretch_row&#8221; enable_first_overlay=&#8221;true&#8221; first_overlay_opacity=&#8221;100&#8243; first_background_color=&#8221;#555555&#8243; enable_parallax=&#8221;true&#8221; css=&#8221;.vc_custom_1511655817644{margin-top: -60px !important;}&#8221;][vc_column]<link href=\"https:\/\/fonts.googleapis.com\/css?family=Open+Sans:400\" rel=\"stylesheet\" property=\"stylesheet\" type=\"text\/css\" media=\"all\">\n<div id=\"rev_slider_1_1_wrapper\" class=\"rev_slider_wrapper fullwidthbanner-container\" data-source=\"gallery\" style=\"margin:0px auto;background:transparent;padding:0px;margin-top:0px;margin-bottom:0px;\">\n<!-- START REVOLUTION SLIDER 5.4.8.3 fullwidth mode -->\n\t<div id=\"rev_slider_1_1\" class=\"rev_slider fullwidthabanner\" style=\"display:none;\" data-version=\"5.4.8.3\">\n<ul>\t<!-- SLIDE  -->\n\t<li data-index=\"rs-1\" data-transition=\"fade\" data-slotamount=\"default\" data-hideafterloop=\"0\" data-hideslideonmobile=\"off\"  data-easein=\"default\" data-easeout=\"default\" data-masterspeed=\"300\"  data-rotate=\"0\"  data-saveperformance=\"off\"  data-title=\"Slide\" data-param1=\"\" data-param2=\"\" data-param3=\"\" data-param4=\"\" data-param5=\"\" data-param6=\"\" data-param7=\"\" data-param8=\"\" data-param9=\"\" data-param10=\"\" data-description=\"\">\n\t\t<!-- MAIN IMAGE -->\n\t\t<img loading=\"lazy\" decoding=\"async\" src=\"https:\/\/www.aqua-burundi.com\/wp-content\/uploads\/2019\/03\/AdobeStock_190898599.jpg\"  alt=\"\" title=\"fresh fish fillet with ingredients for cooking\"  width=\"1024\" height=\"400\" data-bgposition=\"center center\" data-bgfit=\"cover\" data-bgrepeat=\"no-repeat\" class=\"rev-slidebg\" data-no-retina>\n\t\t<!-- LAYERS -->\n\n\t\t<!-- LAYER NR. 1 -->\n\t\t<div class=\"tp-caption   tp-resizeme\" \n\t\t\t id=\"slide-1-layer-1\" \n\t\t\t data-x=\"453\" \n\t\t\t data-y=\"108\" \n\t\t\t\t\t\tdata-width=\"['auto']\"\n\t\t\tdata-height=\"['auto']\"\n \n\t\t\tdata-type=\"text\" \n\t\t\tdata-responsive_offset=\"on\" \n\n\t\t\tdata-frames='[{\"delay\":330,\"speed\":600,\"frame\":\"0\",\"from\":\"opacity:0;\",\"to\":\"o:1;\",\"ease\":\"Power3.easeInOut\"},{\"delay\":\"+7190\",\"speed\":300,\"frame\":\"999\",\"to\":\"opacity:0;\",\"ease\":\"Power3.easeInOut\"}]'\n\t\t\tdata-textAlign=\"['inherit','inherit','inherit','inherit']\"\n\t\t\tdata-paddingtop=\"[0,0,0,0]\"\n\t\t\tdata-paddingright=\"[0,0,0,0]\"\n\t\t\tdata-paddingbottom=\"[0,0,0,0]\"\n\t\t\tdata-paddingleft=\"[0,0,0,0]\"\n\n\t\t\tstyle=\"z-index: 5; white-space: nowrap; font-size: 50px; line-height: 45px; font-weight: 400; color: #ffffff; letter-spacing: 0px;font-family:Open Sans;\">Tilapia <BR>le meilleur choix<BR>\nRiche en prot\u00e9ine <br>\nenti\u00e8rement naturelle <\/div>\n\t<\/li>\n\t<!-- SLIDE  -->\n\t<li data-index=\"rs-2\" data-transition=\"fade\" data-slotamount=\"default\" data-hideafterloop=\"0\" data-hideslideonmobile=\"off\"  data-easein=\"default\" data-easeout=\"default\" data-masterspeed=\"300\"  data-rotate=\"0\"  data-saveperformance=\"off\"  data-title=\"Slide\" data-param1=\"\" data-param2=\"\" data-param3=\"\" data-param4=\"\" data-param5=\"\" data-param6=\"\" data-param7=\"\" data-param8=\"\" data-param9=\"\" data-param10=\"\" data-description=\"\">\n\t\t<!-- MAIN IMAGE -->\n\t\t<img loading=\"lazy\" decoding=\"async\" src=\"https:\/\/www.aqua-burundi.com\/wp-content\/uploads\/2019\/03\/AdobeStock_136233378.jpg\"  alt=\"\" title=\"Fresh raw fish tilapia.\"  width=\"1024\" height=\"341\" data-bgposition=\"center center\" data-bgfit=\"cover\" data-bgrepeat=\"no-repeat\" class=\"rev-slidebg\" data-no-retina>\n\t\t<!-- LAYERS -->\n\n\t\t<!-- LAYER NR. 2 -->\n\t\t<div class=\"tp-caption   tp-resizeme\" \n\t\t\t id=\"slide-2-layer-1\" \n\t\t\t data-x=\"right\" data-hoffset=\"92\" \n\t\t\t data-y=\"132\" \n\t\t\t\t\t\tdata-width=\"['auto']\"\n\t\t\tdata-height=\"['auto']\"\n \n\t\t\tdata-type=\"text\" \n\t\t\tdata-responsive_offset=\"on\" \n\n\t\t\tdata-frames='[{\"delay\":350,\"speed\":600,\"frame\":\"0\",\"from\":\"opacity:0;\",\"to\":\"o:1;\",\"ease\":\"Power3.easeInOut\"},{\"delay\":\"+7450\",\"speed\":300,\"frame\":\"999\",\"to\":\"opacity:0;\",\"ease\":\"Power3.easeInOut\"}]'\n\t\t\tdata-textAlign=\"['inherit','inherit','inherit','inherit']\"\n\t\t\tdata-paddingtop=\"[0,0,0,0]\"\n\t\t\tdata-paddingright=\"[0,0,0,0]\"\n\t\t\tdata-paddingbottom=\"[0,0,0,0]\"\n\t\t\tdata-paddingleft=\"[0,0,0,0]\"\n\n\t\t\tstyle=\"z-index: 5; white-space: nowrap; font-size: 50px; line-height: 45px; font-weight: 400; color: #0585a3; letter-spacing: 0px;font-family:Open Sans;\">Aquaculture <br>durable et <br>\u00e9cologique  <\/div>\n\t<\/li>\n<\/ul>\n<div class=\"tp-bannertimer tp-bottom\" style=\"visibility: hidden !important;\"><\/div>\t<\/div>\n<script>var htmlDiv = document.getElementById(\"rs-plugin-settings-inline-css\"); var htmlDivCss=\"\";\r\n\t\t\t\tif(htmlDiv) {\r\n\t\t\t\t\thtmlDiv.innerHTML = htmlDiv.innerHTML + htmlDivCss;\r\n\t\t\t\t}else{\r\n\t\t\t\t\tvar htmlDiv = document.createElement(\"div\");\r\n\t\t\t\t\thtmlDiv.innerHTML = \"<style>\" + htmlDivCss + \"<\/style>\";\r\n\t\t\t\t\tdocument.getElementsByTagName(\"head\")[0].appendChild(htmlDiv.childNodes[0]);\r\n\t\t\t\t}\r\n\t\t\t<\/script>\n\t\t<script type=\"text\/javascript\">\r\nif (setREVStartSize!==undefined) setREVStartSize(\r\n\t{c: '#rev_slider_1_1', gridwidth: [1240], gridheight: [400], sliderLayout: 'fullwidth'});\r\n\t\t\t\r\nvar revapi1,\r\n\ttpj;\t\r\n(function() {\t\t\t\r\n\tif (!\/loaded|interactive|complete\/.test(document.readyState)) document.addEventListener(\"DOMContentLoaded\",onLoad); else onLoad();\t\r\n\tfunction onLoad() {\t\t\t\t\r\n\t\tif (tpj===undefined) { tpj = jQuery; if(\"off\" == \"on\") tpj.noConflict();}\r\n\tif(tpj(\"#rev_slider_1_1\").revolution == undefined){\n\t\trevslider_showDoubleJqueryError(\"#rev_slider_1_1\");\n\t}else{\n\t\trevapi1 = tpj(\"#rev_slider_1_1\").show().revolution({\n\t\t\tsliderType:\"standard\",\n\t\t\tjsFileLocation:\"\/\/www.aqua-burundi.com\/wp-content\/plugins\/revslider\/public\/assets\/js\/\",\n\t\t\tsliderLayout:\"fullwidth\",\n\t\t\tdottedOverlay:\"none\",\n\t\t\tdelay:9000,\n\t\t\tnavigation: {\n\t\t\t\tonHoverStop:\"off\",\n\t\t\t},\n\t\t\tvisibilityLevels:[1240,1024,778,480],\n\t\t\tgridwidth:1240,\n\t\t\tgridheight:400,\n\t\t\tlazyType:\"none\",\n\t\t\tshadow:0,\n\t\t\tspinner:\"spinner0\",\n\t\t\tstopLoop:\"off\",\n\t\t\tstopAfterLoops:-1,\n\t\t\tstopAtSlide:-1,\n\t\t\tshuffle:\"off\",\n\t\t\tautoHeight:\"off\",\n\t\t\tdisableProgressBar:\"on\",\n\t\t\thideThumbsOnMobile:\"off\",\n\t\t\thideSliderAtLimit:0,\n\t\t\thideCaptionAtLimit:0,\n\t\t\thideAllCaptionAtLilmit:0,\n\t\t\tdebugMode:false,\n\t\t\tfallbacks: {\n\t\t\t\tsimplifyAll:\"off\",\n\t\t\t\tnextSlideOnWindowFocus:\"off\",\n\t\t\t\tdisableFocusListener:false,\n\t\t\t}\n\t\t});\n\t}; \/* END OF revapi call *\/\n\t\n }; \/* END OF ON LOAD FUNCTION *\/\r\n}()); \/* END OF WRAPPING FUNCTION *\/\r\n<\/script>\r\n\t\t<\/div><!-- END REVOLUTION SLIDER -->[\/vc_column][\/vc_row][vc_row][vc_column][vc_custom_heading text=&#8221;Production locale et durable de tilapia frais, sain et go\u00fbteux&#8221; font_container=&#8221;tag:h2|text_align:center&#8221; google_fonts=&#8221;font_family:Open%20Sans%3A300%2C300italic%2Cregular%2Citalic%2C600%2C600italic%2C700%2C700italic%2C800%2C800italic|font_style:400%20regular%3A400%3Anormal&#8221;][\/vc_column][\/vc_row][vc_row full_width=&#8221;stretch_row&#8221; css=&#8221;.vc_custom_1509838609924{padding-top: 40px !important;padding-bottom: 10px !important;background-color: #f5f5f5 !important;}&#8221;][vc_column alignment=&#8221;center&#8221; animation_in_type=&#8221;transition.slideLeftBigIn&#8221; animation_in_offset=&#8221;80&#8243; animation_in_duration=&#8221;700&#8243; animation_in_delay=&#8221;0&#8243; offset=&#8221;vc_col-md-6&#8243; css=&#8221;.vc_custom_1481909824602{margin-bottom: 75px !important;}&#8221;]<div data-id=\"mpc_image-8669d2c47e024b5\" onclick=\"\" class=\"mpc-image mpc-init mpc-fullwidth \" ><div class=\"mpc-item mpc-transition\"><img loading=\"lazy\" decoding=\"async\" width=\"5396\" height=\"2973\" src=\"https:\/\/www.aqua-burundi.com\/wp-content\/uploads\/2019\/03\/shutterstock_132026513.jpg\" class=\"mpc-transition attachment-full\" alt=\"\" srcset=\"https:\/\/www.aqua-burundi.com\/wp-content\/uploads\/2019\/03\/shutterstock_132026513.jpg 5396w, https:\/\/www.aqua-burundi.com\/wp-content\/uploads\/2019\/03\/shutterstock_132026513-300x165.jpg 300w, https:\/\/www.aqua-burundi.com\/wp-content\/uploads\/2019\/03\/shutterstock_132026513-768x423.jpg 768w, https:\/\/www.aqua-burundi.com\/wp-content\/uploads\/2019\/03\/shutterstock_132026513-1024x564.jpg 1024w, https:\/\/www.aqua-burundi.com\/wp-content\/uploads\/2019\/03\/shutterstock_132026513-500x275.jpg 500w, https:\/\/www.aqua-burundi.com\/wp-content\/uploads\/2019\/03\/shutterstock_132026513-600x331.jpg 600w\" sizes=\"(max-width: 5396px) 100vw, 5396px\" \/><\/div><\/div>[\/vc_column][vc_column animation_in_type=&#8221;transition.slideRightIn&#8221; animation_in_offset=&#8221;70&#8243; animation_in_duration=&#8221;800&#8243; animation_in_delay=&#8221;0&#8243; offset=&#8221;vc_col-md-6&#8243; css=&#8221;.vc_custom_1450435735267{margin-bottom: 75px !important;}&#8221;]<div id=\"mpc_textblock-2969d2c47e02615\" class=\"mpc-textblock mpc-init \"><p style=\"text-align: left;\">Aqua Burundi le poisson le plus nourrissant<\/p>\n<\/div><div id=\"mpc_animated_text-3369d2c47e027bc\" class=\"mpc-animated-text-wrap mpc-init mpc-transition mpc-style--rotator \"  data-options=\"{&quot;style&quot;:&quot;rotator&quot;,&quot;duration&quot;:&quot;400&quot;,&quot;delay&quot;:&quot;2000&quot;,&quot;loop&quot;:true,&quot;dynamic&quot;:false}\"><div class=\"mpc-animated-text\"><div class=\"mpc-animated-text__block\"><span class=\"mpc-animated-text__word\">Tilapia: le meilleur choix<\/span><\/div><div class=\"mpc-animated-text__block\"><span class=\"mpc-animated-text__word\">Riche en prot\u00e9ine enti\u00e8rement naturelle<\/span><\/div><div class=\"mpc-animated-text__block\"><span class=\"mpc-animated-text__word\">Aquaculture durable et \u00e9cologique<\/span><\/div><\/div><\/div>[vc_empty_space height=&#8221;22px&#8221;]<div id=\"mpc_textblock-4069d2c47e02818\" class=\"mpc-textblock mpc-init \"><p style=\"text-align: left;\">Nous produisons le meilleur tilapia au Burundi, qu&#8217;il soit frais, fum\u00e9 ou congel\u00e9. Le tilapia est riche en nutriments et il est facile \u00e0 pr\u00e9parer un compl\u00e9ment polyvalent \u00e0 tout menu. Chez Aqua Burundi, nous nous engageons \u00e0 produire de mani\u00e8re durable du tilapia naturel pour un meilleur go\u00fbt. Nous cr\u00e9ons \u00e9galement des emplois durables et offrons un avenir meilleur \u00e0 la population locale.<\/p>\n<\/div>[vc_empty_space height=&#8221;22px&#8221;]<a href=\"https:\/\/www.aqua-burundi.com\/fr_FR\/services\/\" title=\"Link\"  data-id=\"mpc_button-8869d2c47e02954\" class=\"mpc-button mpc-init mpc-transition \" ><div class=\"mpc-button__content mpc-effect-type--none mpc-effect-side--none\"><span class=\"mpc-button__title mpc-transition\">Lire la suite<\/span><\/div><div class=\"mpc-button__background mpc-transition mpc-effect-type--slide mpc-effect-side--top\"><\/div><\/a>[\/vc_column][\/vc_row][vc_row full_width=&#8221;stretch_row&#8221; first_background_color=&#8221;#000000&#8243; enable_parallax=&#8221;true&#8221; parallax_background=&#8221;30819&#8243; parallax_style=&#8221;fixed&#8221; css=&#8221;.vc_custom_1553508284508{padding-top: 25px !important;padding-bottom: 25px !important;}&#8221;][vc_column][vc_custom_heading text=&#8221;\u00c0 PROPOS DE NOUS&#8221; font_container=&#8221;tag:h2|font_size:30|text_align:center|color:%23ffffff&#8221; google_fonts=&#8221;font_family:Raleway%3A100%2C200%2C300%2Cregular%2C500%2C600%2C700%2C800%2C900|font_style:500%20bold%20regular%3A500%3Anormal&#8221;]<div data-id=\"mpc_divider-4869d2c47e029b2\" class=\"mpc-divider-wrap\"><div class=\"mpc-divider mpc-init mpc-align--center mpc-disable--left \" ><div class=\"mpc-divider__line mpc-side--left\"><span><\/span><\/div><div class=\"mpc-divider__line mpc-side--right\"><span><\/span><\/div><\/div><\/div>[vc_empty_space height=&#8221;50px&#8221;][\/vc_column][vc_column width=&#8221;1\/2&#8243;]<div id=\"mpc_accordion-3569d2c47e02a52\" class=\"mpc-accordion mpc-init mpc-transition mpc-accordion--toggle mpc-accordion--indent mpc-accordion--indent \" ><ul class=\"mpc-accordion__content\"><li class=\"mpc-accordion__item \"><div class=\"mpc-accordion-item__heading mpc-transition mpc-active\"><div data-id=\"mpc_icon-7369d2c47e02a2e\" class=\"mpc-icon mpc-init mpc-transition mpc-effect-fade mpc-icon-hover \"><div class=\"mpc-icon-wrap\"><i class=\"mpc-icon-part mpc-regular mpc-transition  eti eti_arrow_carrot-right_alt2\"><\/i><i class=\"mpc-icon-part mpc-hover mpc-transition  eti eti_arrow_carrot-down_alt2\"><\/i><\/div><\/div><h3>Notre affaire<\/h3><\/div><div class=\"mpc-accordion-item__content mpc-container\"  data-active=\"true\"><div class=\"mpc-accordion-item__indent\"><div data-id=\"mpc_icon-7369d2c47e02a2e\" class=\"mpc-icon mpc-init mpc-transition mpc-effect-fade mpc-icon-hover \"><div class=\"mpc-icon-wrap\"><i class=\"mpc-icon-part mpc-regular mpc-transition  eti eti_arrow_carrot-right_alt2\"><\/i><i class=\"mpc-icon-part mpc-hover mpc-transition  eti eti_arrow_carrot-down_alt2\"><\/i><\/div><\/div><\/div><div class=\"mpc-accordion-item__wrapper\">[vc_column_text]Chez Aqua Burundi, nous nous engageons \u00e0 produire de fa\u00e7on durable du tilapia naturel pour un meilleur go\u00fbt pour les march\u00e9s locaux au Burundi et en Afrique, ainsi que pour les march\u00e9s d&#8217;exportation. Nous sommes attach\u00e9s \u00e0 une strat\u00e9gie de d\u00e9veloppement durable qui cr\u00e9e \u00e9galement des emplois durables et offre un avenir meilleur \u00e0 la population locale. Nous prenons nos responsabilit\u00e9s sur le plan environnemental, \u00e9conomique et social, en investissant dans nos normes et nos employ\u00e9s avec des programmes de formation et d\u2019am\u00e9lioration de la communaut\u00e9.<\/p>\n<p>En ayant une exploitation piscicole responsable, nous avons une vision qui b\u00e9n\u00e9ficiera aux communaut\u00e9s locales gr\u00e2ce \u00e0 des meilleures opportunit\u00e9s d&#8217;emploi, de l&#8217;\u00e9ducation et un meilleur niveau de vie \u00e9lev\u00e9.[\/vc_column_text]<\/div><\/div><\/li><\/ul><\/div>[\/vc_column][vc_column width=&#8221;1\/2&#8243; animation_in_type=&#8221;transition.bounceRightIn&#8221; animation_in_offset=&#8221;100&#8243; animation_in_duration=&#8221;2000&#8243; animation_in_delay=&#8221;500&#8243;][vc_single_image image=&#8221;30705&#8243; img_size=&#8221;full&#8221; alignment=&#8221;center&#8221;][\/vc_column][\/vc_row][vc_row full_width=&#8221;stretch_row&#8221; css=&#8221;.vc_custom_1483404932845{margin-bottom: 0px !important;border-bottom-width: 15px !important;padding-top: 55px !important;padding-bottom: 35px !important;border-bottom-color: #ffffff !important;}&#8221;][vc_column css=&#8221;.vc_custom_1449590082760{padding-top: 0px !important;}&#8221;][vc_empty_space][vc_custom_heading text=&#8221;NOS PARTENAIRES&#8221; font_container=&#8221;tag:h2|font_size:30|text_align:center|color:%23555555&#8243; google_fonts=&#8221;font_family:Raleway%3A100%2C200%2C300%2Cregular%2C500%2C600%2C700%2C800%2C900|font_style:500%20bold%20regular%3A500%3Anormal&#8221;][vc_empty_space height=&#8221;15px&#8221;]<div data-id=\"mpc_divider-4669d2c47e02bb1\" class=\"mpc-divider-wrap\"><div class=\"mpc-divider mpc-init mpc-align--center mpc-disable--left \" ><div class=\"mpc-divider__line mpc-side--left\"><span><\/span><\/div><div class=\"mpc-divider__line mpc-side--right\"><span><\/span><\/div><\/div><\/div>[vc_empty_space height=&#8221;52px&#8221;]<div class=\"mpc-carousel__wrapper mpc-waypoint\"><div id=\"mpc_carousel_image-5069d2c47e02cf5\" class=\"mpc-carousel-image mpc-init mpc-animation mpc-layout--classic mpc-effect--none \"  data-animation-in=\"transition.fadeIn||800||0||80\" data-mpcslick='{\"infinite\":true,\"autoplay\":true,\"slidesToShow\":4,\"slidesToScroll\":1,\"centerMode\":false,\"initialSlide\":0,\"autoplaySpeed\":1450,\"speed\":500}' data-slick-cols=\"4\"><a href=\"#\" class=\"mpc-carousel__item-wrapper\" data-height=\"78\"><div onclick=\"\" class=\"mpc-item mpc-transition\"><div class=\"mpc-border\"><\/div><img loading=\"lazy\" decoding=\"async\" width=\"235\" height=\"78\" src=\"https:\/\/www.aqua-burundi.com\/wp-content\/uploads\/2019\/03\/grotec.jpg\" class=\"mpc-transition attachment-full\" alt=\"\" \/><\/div><\/a><a href=\"#\" class=\"mpc-carousel__item-wrapper\" data-height=\"78\"><div onclick=\"\" class=\"mpc-item mpc-transition\"><div class=\"mpc-border\"><\/div><img loading=\"lazy\" decoding=\"async\" width=\"235\" height=\"78\" src=\"https:\/\/www.aqua-burundi.com\/wp-content\/uploads\/2019\/03\/immo.jpg\" class=\"mpc-transition attachment-full\" alt=\"\" \/><\/div><\/a><a href=\"#\" class=\"mpc-carousel__item-wrapper\" data-height=\"78\"><div onclick=\"\" class=\"mpc-item mpc-transition\"><div class=\"mpc-border\"><\/div><img loading=\"lazy\" decoding=\"async\" width=\"235\" height=\"78\" src=\"https:\/\/www.aqua-burundi.com\/wp-content\/uploads\/2019\/03\/itra.jpg\" class=\"mpc-transition attachment-full\" alt=\"\" \/><\/div><\/a><a href=\"#\" class=\"mpc-carousel__item-wrapper\" data-height=\"78\"><div onclick=\"\" class=\"mpc-item mpc-transition\"><div class=\"mpc-border\"><\/div><img loading=\"lazy\" decoding=\"async\" width=\"235\" height=\"78\" src=\"https:\/\/www.aqua-burundi.com\/wp-content\/uploads\/2019\/03\/wh.jpg\" class=\"mpc-transition attachment-full\" alt=\"\" \/><\/div><\/a><\/div><div class=\"mpc-navigation mpc-init mpc-align--left mpc-navigation--style_1  mpc-nav-preset--\" data-mpcslider=\"mpc_carousel_image-5069d2c47e02cf5\"><div class=\"mpc-nav__arrow mpcslick-prev\"><div class=\"mpc-nav__icon mpc-transition\"><i class=\"\"><div class=\"mpc-nav__background mpc-transition mpc-effect-type--fade mpc-effect-side--in\"><\/div><\/i><\/div><\/div><div class=\"mpc-nav__arrow mpcslick-next\"><div class=\"mpc-nav__icon mpc-transition\"><i class=\"\"><div class=\"mpc-nav__background mpc-transition mpc-effect-type--fade mpc-effect-side--in\"><\/div><\/i><\/div><\/div><\/div><\/div>[\/vc_column][\/vc_row]<\/p>\n","protected":false},"excerpt":{"rendered":"<p>[vc_row full_width=&#8221;stretch_row&#8221; enable_first_overlay=&#8221;true&#8221; first_overlay_opacity=&#8221;100&#8243; first_background_color=&#8221;#555555&#8243; enable_parallax=&#8221;true&#8221; css=&#8221;.vc_custom_1511655817644{margin-top: -60px !important;}&#8221;][vc_column][rev_slider alias=\"home\"][\/vc_co&#8230;<\/p>\n","protected":false},"author":1,"featured_media":0,"parent":0,"menu_order":0,"comment_status":"closed","ping_status":"closed","template":"","meta":{"footnotes":""},"class_list":["post-25465","page","type-page","status-publish","hentry"],"_links":{"self":[{"href":"https:\/\/www.aqua-burundi.com\/fr_FR\/wp-json\/wp\/v2\/pages\/25465"}],"collection":[{"href":"https:\/\/www.aqua-burundi.com\/fr_FR\/wp-json\/wp\/v2\/pages"}],"about":[{"href":"https:\/\/www.aqua-burundi.com\/fr_FR\/wp-json\/wp\/v2\/types\/page"}],"author":[{"embeddable":true,"href":"https:\/\/www.aqua-burundi.com\/fr_FR\/wp-json\/wp\/v2\/users\/1"}],"replies":[{"embeddable":true,"href":"https:\/\/www.aqua-burundi.com\/fr_FR\/wp-json\/wp\/v2\/comments?post=25465"}],"version-history":[{"count":35,"href":"https:\/\/www.aqua-burundi.com\/fr_FR\/wp-json\/wp\/v2\/pages\/25465\/revisions"}],"predecessor-version":[{"id":30691,"href":"https:\/\/www.aqua-burundi.com\/fr_FR\/wp-json\/wp\/v2\/pages\/25465\/revisions\/30691"}],"wp:attachment":[{"href":"https:\/\/www.aqua-burundi.com\/fr_FR\/wp-json\/wp\/v2\/media?parent=25465"}],"curies":[{"name":"wp","href":"https:\/\/api.w.org\/{rel}","templated":true}]}}